{"id":195,"date":"2026-01-06T15:30:01","date_gmt":"2026-01-06T15:30:01","guid":{"rendered":"https:\/\/hkreklamistanbul.com\/?page_id=195"},"modified":"2026-01-26T23:18:53","modified_gmt":"2026-01-26T23:18:53","slug":"hakkimizda","status":"publish","type":"page","link":"https:\/\/hkreklamistanbul.com\/?page_id=195","title":{"rendered":"Hakk\u0131m\u0131zda"},"content":{"rendered":"\t\t<div data-elementor-type=\"wp-page\" data-elementor-id=\"195\" class=\"elementor elementor-195\">\n\t\t\t\t<div class=\"elementor-element elementor-element-fabf810 e-flex e-con-boxed e-con e-parent\" data-id=\"fabf810\" data-element_type=\"container\" data-e-type=\"container\" data-settings=\"{&quot;shape_divider_top&quot;:&quot;clouds&quot;}\">\n\t\t\t\t\t<div class=\"e-con-inner\">\n\t\t\t\t<div class=\"elementor-shape elementor-shape-top\" aria-hidden=\"true\" data-negative=\"false\">\n\t\t\t<svg xmlns=\"http:\/\/www.w3.org\/2000\/svg\" viewBox=\"0 0 283.5 27.8\" preserveAspectRatio=\"xMidYMax slice\">\n  <path class=\"elementor-shape-fill\" d=\"M0 0v6.7c1.9-.8 4.7-1.4 8.5-1 9.5 1.1 11.1 6 11.1 6s2.1-.7 4.3-.2c2.1.5 2.8 2.6 2.8 2.6s.2-.5 1.4-.7c1.2-.2 1.7.2 1.7.2s0-2.1 1.9-2.8c1.9-.7 3.6.7 3.6.7s.7-2.9 3.1-4.1 4.7 0 4.7 0 1.2-.5 2.4 0 1.7 1.4 1.7 1.4h1.4c.7 0 1.2.7 1.2.7s.8-1.8 4-2.2c3.5-.4 5.3 2.4 6.2 4.4.4-.4 1-.7 1.8-.9 2.8-.7 4 .7 4 .7s1.7-5 11.1-6c9.5-1.1 12.3 3.9 12.3 3.9s1.2-4.8 5.7-5.7c4.5-.9 6.8 1.8 6.8 1.8s.6-.6 1.5-.9c.9-.2 1.9-.2 1.9-.2s5.2-6.4 12.6-3.3c7.3 3.1 4.7 9 4.7 9s1.9-.9 4 0 2.8 2.4 2.8 2.4 1.9-1.2 4.5-1.2 4.3 1.2 4.3 1.2.2-1 1.4-1.7 2.1-.7 2.1-.7-.5-3.1 2.1-5.5 5.7-1.4 5.7-1.4 1.5-2.3 4.2-1.1c2.7 1.2 1.7 5.2 1.7 5.2s.3-.1 1.3.5c.5.4.8.8.9 1.1.5-1.4 2.4-5.8 8.4-4 7.1 2.1 3.5 8.9 3.5 8.9s.8-.4 2 0 1.1 1.1 1.1 1.1 1.1-1.1 2.3-1.1 2.1.5 2.1.5 1.9-3.6 6.2-1.2 1.9 6.4 1.9 6.4 2.6-2.4 7.4 0c3.4 1.7 3.9 4.9 3.9 4.9s3.3-6.9 10.4-7.9 11.5 2.6 11.5 2.6.8 0 1.2.2c.4.2.9.9.9.9s4.4-3.1 8.3.2c1.9 1.7 1.5 5 1.5 5s.3-1.1 1.6-1.4c1.3-.3 2.3.2 2.3.2s-.1-1.2.5-1.9 1.9-.9 1.9-.9-4.7-9.3 4.4-13.4c5.6-2.5 9.2.9 9.2.9s5-6.2 15.9-6.2 16.1 8.1 16.1 8.1.7-.2 1.6-.4V0H0z\"\/>\n<\/svg>\n\t\t<\/div>\n\t\t<div class=\"elementor-element elementor-element-01ca2db e-con-full e-flex e-con e-child\" data-id=\"01ca2db\" data-element_type=\"container\" data-e-type=\"container\">\n\t\t\t\t<div class=\"elementor-element elementor-element-7dd8598 elementor-widget__width-initial elementor-widget elementor-widget-text-editor\" data-id=\"7dd8598\" data-element_type=\"widget\" data-e-type=\"widget\" data-widget_type=\"text-editor.default\">\n\t\t\t\t\t\t\t\t\t<p style=\"font-family: 'Archivo Black'; color: #17252a;\">\u00a0<\/p><p style=\"font-family: 'Archivo Black'; color: #17252a;\">\u00a0<\/p><p style=\"font-family: 'Archivo Black'; color: #17252a;\">\u00a0<\/p><p style=\"font-family: 'Archivo Black'; color: #17252a;\">\u0130stanbul Anadolu Yakas\u0131&#8217;nda bulunan merkezimiz ve profesyonel ekibimizle \u015fehrin d\u00f6rt bir yan\u0131na hizmet sunuyoruz.\u00a0<\/p><p style=\"font-family: 'Archivo Black'; color: #17252a;\">M\u00fc\u015fteri odakl\u0131 kalite anlay\u0131\u015f\u0131m\u0131z, inovatif yap\u0131m\u0131z, her \u00e7al\u0131\u015fmay\u0131 \u00f6zel k\u0131lan yarat\u0131c\u0131 tasar\u0131m ekibimiz ve heyecan\u0131m\u0131zla i\u015flerinize de\u011fer kat\u0131yoruz.<\/p><p style=\"margin-bottom: 0px; font-family: 'Archivo Black'; color: #17252a;\">Kurulu\u015fumuzdan bu yana bizi tercih eden y\u00fczlerce firmay\u0131, \u00f6zel \u00e7al\u0131\u015fmalar\u0131m\u0131zla ta\u00e7land\u0131rman\u0131n gururunu ya\u015f\u0131yoruz.<\/p>\t\t\t\t\t\t\t\t<\/div>\n\t\t\t\t<\/div>\n\t\t\t\t\t<\/div>\n\t\t\t\t<\/div>\n\t\t\t\t<\/div>\n\t\t","protected":false},"excerpt":{"rendered":"<p>\u00a0 \u00a0 \u00a0 \u0130stanbul Anadolu Yakas\u0131&#8217;nda bulunan merkezimiz ve profesyonel ekibimizle \u015fehrin d\u00f6rt bir yan\u0131na hizmet sunuyoruz.\u00a0 M\u00fc\u015fteri odakl\u0131 kalite anlay\u0131\u015f\u0131m\u0131z, inovatif yap\u0131m\u0131z, her \u00e7al\u0131\u015fmay\u0131 \u00f6zel k\u0131lan yarat\u0131c\u0131 tasar\u0131m ekibimiz ve heyecan\u0131m\u0131zla i\u015flerinize de\u011fer kat\u0131yoruz. Kurulu\u015fumuzdan bu yana bizi tercih eden y\u00fczlerce firmay\u0131, \u00f6zel \u00e7al\u0131\u015fmalar\u0131m\u0131zla ta\u00e7land\u0131rman\u0131n gururunu ya\u015f\u0131yoruz.<\/p>\n","protected":false},"author":1,"featured_media":0,"parent":0,"menu_order":2,"comment_status":"closed","ping_status":"closed","template":"page-templates\/full-width-page.php","meta":{"footnotes":""},"class_list":["post-195","page","type-page","status-publish","hentry"],"_links":{"self":[{"href":"https:\/\/hkreklamistanbul.com\/index.php?rest_route=\/wp\/v2\/pages\/195","targetHints":{"allow":["GET"]}}],"collection":[{"href":"https:\/\/hkreklamistanbul.com\/index.php?rest_route=\/wp\/v2\/pages"}],"about":[{"href":"https:\/\/hkreklamistanbul.com\/index.php?rest_route=\/wp\/v2\/types\/page"}],"author":[{"embeddable":true,"href":"https:\/\/hkreklamistanbul.com\/index.php?rest_route=\/wp\/v2\/users\/1"}],"replies":[{"embeddable":true,"href":"https:\/\/hkreklamistanbul.com\/index.php?rest_route=%2Fwp%2Fv2%2Fcomments&post=195"}],"version-history":[{"count":18,"href":"https:\/\/hkreklamistanbul.com\/index.php?rest_route=\/wp\/v2\/pages\/195\/revisions"}],"predecessor-version":[{"id":493,"href":"https:\/\/hkreklamistanbul.com\/index.php?rest_route=\/wp\/v2\/pages\/195\/revisions\/493"}],"wp:attachment":[{"href":"https:\/\/hkreklamistanbul.com\/index.php?rest_route=%2Fwp%2Fv2%2Fmedia&parent=195"}],"curies":[{"name":"wp","href":"https:\/\/api.w.org\/{rel}","templated":true}]}}